{"id":40,"date":"2026-01-05T12:30:56","date_gmt":"2026-01-05T12:30:56","guid":{"rendered":"http:\/\/nikolaambros.net\/?page_id=40"},"modified":"2026-01-22T08:10:00","modified_gmt":"2026-01-22T08:10:00","slug":"about","status":"publish","type":"page","link":"https:\/\/nikolaambros.net\/de\/about\/","title":{"rendered":"\u00dcber mich"},"content":{"rendered":"<p><strong>Design Leadership: Ich denke strategisch, f\u00fchre Kreative, und arbeite praktisch<\/strong><br>Ich leite multidisziplin\u00e4re Kreativteams mit Zielbewusstsein und Verantwortung, steuere Budgets sowie Freelancer und pr\u00e4sentiere \u00fcberzeugend auf Vorstandsebene. Mein Fokus liegt auf der Verbindung von Vision und Umsetzung \u2013 besonders in komplexen, internationalen Industrieumfeldern.<\/p>\n\n\n\n<p><strong>Brand Guardian: Ich bin Markenw\u00e4chterin mit globalem Weitblick<\/strong><br>Als vertrauensvoller Partner aller Standorte und Regionen sichere ich eine konsistente Markenpr\u00e4senz \u2013 mit Schwerpunkt auf wirkungsstarkem Storytelling, das Markenidentit\u00e4t greifbar macht.<\/p>\n\n\n\n<p><strong>Design Studio: Ich bin Architektin effizienter Kreativstrukturen<\/strong><br>Aufbau und Entwicklung von Inhouse-Designstudios geh\u00f6ren zu meinen Kernkompetenzen. Ich etabliere Prozesse und globale Templates \u2013 von InDesign bis After Effects \u2013 und verschlanke Workflows durch Automatisierung f\u00fcr effiziente, internationale Zusammenarbeit.<\/p>\n\n\n\n<div style=\"height:20px\" aria-hidden=\"true\" class=\"wp-block-spacer\"><\/div>\n\n\n\n<div class=\"wp-block-group is-nowrap is-layout-flex wp-container-core-group-is-layout-ad2f72ca wp-block-group-is-layout-flex\">\n<p class=\"has-cyan-bluish-gray-color has-text-color has-link-color has-small-font-size wp-elements-de4ee57dacb115b559327634a4554d0d translation-block\">E-Mail <a href=\"mailto:info@nikolaambros.net\" target=\"_self\">info@nikolaambros.net <\/a><br>oder finde mich auf LinkedIn<\/p>\n\n\n\n<ul class=\"wp-block-social-links has-normal-icon-size is-style-logos-only is-nowrap is-layout-flex wp-container-core-social-links-is-layout-53bee8aa wp-block-social-links-is-layout-flex\"><li class=\"wp-social-link wp-social-link-linkedin  wp-block-social-link\"><a href=\"https:\/\/www.linkedin.com\/in\/nikolaambros\/\" class=\"wp-block-social-link-anchor\"><svg width=\"24\" height=\"24\" viewbox=\"0 0 24 24\" version=\"1.1\" xmlns=\"http:\/\/www.w3.org\/2000\/svg\" aria-hidden=\"true\" focusable=\"false\"><path d=\"M19.7,3H4.3C3.582,3,3,3.582,3,4.3v15.4C3,20.418,3.582,21,4.3,21h15.4c0.718,0,1.3-0.582,1.3-1.3V4.3 C21,3.582,20.418,3,19.7,3z M8.339,18.338H5.667v-8.59h2.672V18.338z M7.004,8.574c-0.857,0-1.549-0.694-1.549-1.548 c0-0.855,0.691-1.548,1.549-1.548c0.854,0,1.547,0.694,1.547,1.548C8.551,7.881,7.858,8.574,7.004,8.574z M18.339,18.338h-2.669 v-4.177c0-0.996-0.017-2.278-1.387-2.278c-1.389,0-1.601,1.086-1.601,2.206v4.249h-2.667v-8.59h2.559v1.174h0.037 c0.356-0.675,1.227-1.387,2.526-1.387c2.703,0,3.203,1.779,3.203,4.092V18.338z\"><\/path><\/svg><span class=\"wp-block-social-link-label screen-reader-text\">LinkedIn<\/span><\/a><\/li>\n\n<li class=\"wp-social-link wp-social-link-mail  wp-block-social-link\"><a href=\"mailto:info@nikolaambros.net\" class=\"wp-block-social-link-anchor\"><svg width=\"24\" height=\"24\" viewbox=\"0 0 24 24\" version=\"1.1\" xmlns=\"http:\/\/www.w3.org\/2000\/svg\" aria-hidden=\"true\" focusable=\"false\"><path d=\"M19,5H5c-1.1,0-2,.9-2,2v10c0,1.1.9,2,2,2h14c1.1,0,2-.9,2-2V7c0-1.1-.9-2-2-2zm.5,12c0,.3-.2.5-.5.5H5c-.3,0-.5-.2-.5-.5V9.8l7.5,5.6,7.5-5.6V17zm0-9.1L12,13.6,4.5,7.9V7c0-.3.2-.5.5-.5h14c.3,0,.5.2.5.5v.9z\"><\/path><\/svg><span class=\"wp-block-social-link-label screen-reader-text\">E-Mail<\/span><\/a><\/li><\/ul>\n<\/div>","protected":false},"excerpt":{"rendered":"<p>I am a hands-on creative leaderCreative team lead who confidently manages budgets, guides freelancers and delivers board-ready CEO presentations \u2013 harmonizing vision, precision and execution in demanding industrial environments. I am a global brand guardianTrusted partner for all locations and regions, safeguarding a coherent brand presence with a strong focus on impactful storytelling. I am<\/p>\n<p class=\"more-link-wrapper\"><a href=\"https:\/\/nikolaambros.net\/de\/about\/\" class=\"more-link\">Continue Reading<span class=\"screen-reader-text\"> &#8220;About&#8221;<\/span><\/a><\/p>","protected":false},"author":1,"featured_media":0,"parent":0,"menu_order":0,"comment_status":"closed","ping_status":"closed","template":"","meta":{"footnotes":""},"class_list":["post-40","page","type-page","status-publish","hentry"],"_links":{"self":[{"href":"https:\/\/nikolaambros.net\/de\/wp-json\/wp\/v2\/pages\/40","targetHints":{"allow":["GET"]}}],"collection":[{"href":"https:\/\/nikolaambros.net\/de\/wp-json\/wp\/v2\/pages"}],"about":[{"href":"https:\/\/nikolaambros.net\/de\/wp-json\/wp\/v2\/types\/page"}],"author":[{"embeddable":true,"href":"https:\/\/nikolaambros.net\/de\/wp-json\/wp\/v2\/users\/1"}],"replies":[{"embeddable":true,"href":"https:\/\/nikolaambros.net\/de\/wp-json\/wp\/v2\/comments?post=40"}],"version-history":[{"count":14,"href":"https:\/\/nikolaambros.net\/de\/wp-json\/wp\/v2\/pages\/40\/revisions"}],"predecessor-version":[{"id":322,"href":"https:\/\/nikolaambros.net\/de\/wp-json\/wp\/v2\/pages\/40\/revisions\/322"}],"wp:attachment":[{"href":"https:\/\/nikolaambros.net\/de\/wp-json\/wp\/v2\/media?parent=40"}],"curies":[{"name":"wp","href":"https:\/\/api.w.org\/{rel}","templated":true}]}}