{"id":2,"date":"2026-01-03T12:21:05","date_gmt":"2026-01-03T12:21:05","guid":{"rendered":"http:\/\/nikolaambros.net\/?page_id=2"},"modified":"2026-03-03T10:36:05","modified_gmt":"2026-03-03T10:36:05","slug":"sample-page","status":"publish","type":"page","link":"https:\/\/nikolaambros.net\/de\/","title":{"rendered":"Portfolio"},"content":{"rendered":"<details class=\"wp-block-details is-layout-flow wp-block-details-is-layout-flow\"><summary>Unternehmen: HOERBIGER<\/summary>\n<p><strong>Senior Design Expertin<\/strong> im globalen Marketing. Kreative Leitung internationaler Kampagnen (Social Media, Video, Ausstellungen, Konferenzen, Er\u00f6ffnungen, Printmedien, Web\/UI\/UX), Projekt- und Stakeholder-Management f\u00fcr Nordamerika, Lateinamerika, Asien-Pazifik und China. Verantwortung f\u00fcr alle Designthemen, Corporate-Design-Richtlinien und Templates zur Gew\u00e4hrleistung globaler Markenkonsistenz sowie Aufbau des internen Designstudios mit skalierbaren Workflows und digitalen Systemen (Prozess-\/Projektmanagement, DAM).<\/p>\n<\/details>\n\n\n\n<div style=\"height:49px\" aria-hidden=\"true\" class=\"wp-block-spacer\"><\/div>\n\n\n\n<figure class=\"wp-block-video\"><video height=\"1080\" style=\"aspect-ratio: 1920 \/ 1080;\" width=\"1920\" controls src=\"http:\/\/nikolaambros.net\/wp-content\/uploads\/2026\/01\/Portfolio-Slideshow_1920_noQR.mp4\"><\/video><\/figure>\n\n\n\n<div style=\"height:49px\" aria-hidden=\"true\" class=\"wp-block-spacer\"><\/div>\n\n\n\n<details open class=\"wp-block-details is-layout-flow wp-block-details-is-layout-flow\"><summary>Agenturen: verschiedene Projekte (2016-2020)<\/summary>\n\n<p><strong>Senior Art Direktorin<\/strong> f\u00fcr Werbeagenturen. Projektmanagement und Kommunikationsdesign f\u00fcr B2B- und B2C-Kommunikation (Print, Online, Web-UI\/UX, Social Media, Video, Messen). Kreative Leitung in Konzeption und Design. Kampagnen- und Markenentwicklung.<br>Branchen: Automobilindustrie, Transportwesen, Bauwesen, Rechtswesen, Finanzwesen usw.<\/p>\n\n<\/details>\n\n\n\n<div style=\"height:49px\" aria-hidden=\"true\" class=\"wp-block-spacer\"><\/div>\n\n\n<div class=\"wp-block-image\">\n<figure class=\"aligncenter size-large\"><img loading=\"lazy\" decoding=\"async\" width=\"1024\" height=\"646\" src=\"http:\/\/nikolaambros.net\/wp-content\/uploads\/2026\/01\/Mercedes_Evobus-1024x646.png\" alt=\"\" class=\"wp-image-109\" srcset=\"https:\/\/nikolaambros.net\/wp-content\/uploads\/2026\/01\/Mercedes_Evobus-1024x646.png 1024w, https:\/\/nikolaambros.net\/wp-content\/uploads\/2026\/01\/Mercedes_Evobus-300x189.png 300w, https:\/\/nikolaambros.net\/wp-content\/uploads\/2026\/01\/Mercedes_Evobus-768x485.png 768w, https:\/\/nikolaambros.net\/wp-content\/uploads\/2026\/01\/Mercedes_Evobus-1536x969.png 1536w, https:\/\/nikolaambros.net\/wp-content\/uploads\/2026\/01\/Mercedes_Evobus.png 1751w\" sizes=\"auto, (max-width: 1024px) 100vw, 1024px\" \/><figcaption class=\"wp-element-caption\">Produktbrosch\u00fcren f\u00fcr Mercedes und Setra<\/figcaption><\/figure>\n<\/div>\n\n<div class=\"wp-block-image\">\n<figure class=\"aligncenter size-large\"><img loading=\"lazy\" decoding=\"async\" width=\"1024\" height=\"646\" src=\"http:\/\/nikolaambros.net\/wp-content\/uploads\/2026\/01\/MHP_Recht-1024x646.png\" alt=\"\" class=\"wp-image-111\" srcset=\"https:\/\/nikolaambros.net\/wp-content\/uploads\/2026\/01\/MHP_Recht-1024x646.png 1024w, https:\/\/nikolaambros.net\/wp-content\/uploads\/2026\/01\/MHP_Recht-300x189.png 300w, https:\/\/nikolaambros.net\/wp-content\/uploads\/2026\/01\/MHP_Recht-768x485.png 768w, https:\/\/nikolaambros.net\/wp-content\/uploads\/2026\/01\/MHP_Recht-1536x969.png 1536w, https:\/\/nikolaambros.net\/wp-content\/uploads\/2026\/01\/MHP_Recht.png 1751w\" sizes=\"auto, (max-width: 1024px) 100vw, 1024px\" \/><figcaption class=\"wp-element-caption\">Corporate Design und Webseite f\u00fcr eine Anwaltskanzlei<\/figcaption><\/figure>\n<\/div>\n\n<div class=\"wp-block-image\">\n<figure class=\"aligncenter size-large\"><img loading=\"lazy\" decoding=\"async\" width=\"1024\" height=\"646\" src=\"http:\/\/nikolaambros.net\/wp-content\/uploads\/2026\/01\/Noxon_Maschinenbau-1024x646.png\" alt=\"\" class=\"wp-image-112\" srcset=\"https:\/\/nikolaambros.net\/wp-content\/uploads\/2026\/01\/Noxon_Maschinenbau-1024x646.png 1024w, https:\/\/nikolaambros.net\/wp-content\/uploads\/2026\/01\/Noxon_Maschinenbau-300x189.png 300w, https:\/\/nikolaambros.net\/wp-content\/uploads\/2026\/01\/Noxon_Maschinenbau-768x485.png 768w, https:\/\/nikolaambros.net\/wp-content\/uploads\/2026\/01\/Noxon_Maschinenbau-1536x969.png 1536w, https:\/\/nikolaambros.net\/wp-content\/uploads\/2026\/01\/Noxon_Maschinenbau.png 1751w\" sizes=\"auto, (max-width: 1024px) 100vw, 1024px\" \/><figcaption class=\"wp-element-caption\">Produktbrosch\u00fcre \/ Katalog f\u00fcr Industriemaschinen<\/figcaption><\/figure>\n<\/div>\n\n<div class=\"wp-block-image\">\n<figure class=\"aligncenter size-large\"><img loading=\"lazy\" decoding=\"async\" width=\"1024\" height=\"646\" src=\"http:\/\/nikolaambros.net\/wp-content\/uploads\/2026\/01\/EPDM-1024x646.png\" alt=\"\" class=\"wp-image-113\" srcset=\"https:\/\/nikolaambros.net\/wp-content\/uploads\/2026\/01\/EPDM-1024x646.png 1024w, https:\/\/nikolaambros.net\/wp-content\/uploads\/2026\/01\/EPDM-300x189.png 300w, https:\/\/nikolaambros.net\/wp-content\/uploads\/2026\/01\/EPDM-768x485.png 768w, https:\/\/nikolaambros.net\/wp-content\/uploads\/2026\/01\/EPDM-1536x969.png 1536w, https:\/\/nikolaambros.net\/wp-content\/uploads\/2026\/01\/EPDM.png 1751w\" sizes=\"auto, (max-width: 1024px) 100vw, 1024px\" \/><figcaption class=\"wp-element-caption\">Corporate Design und Marketingaktivit\u00e4ten f\u00fcr Baustoff EPDM<\/figcaption><\/figure>\n<\/div>\n\n<div class=\"wp-block-image\">\n<figure class=\"aligncenter size-large\"><img loading=\"lazy\" decoding=\"async\" width=\"1024\" height=\"646\" src=\"http:\/\/nikolaambros.net\/wp-content\/uploads\/2026\/01\/FSG_STR-Feel_Campaign-1024x646.png\" alt=\"\" class=\"wp-image-119\" srcset=\"https:\/\/nikolaambros.net\/wp-content\/uploads\/2026\/01\/FSG_STR-Feel_Campaign-1024x646.png 1024w, https:\/\/nikolaambros.net\/wp-content\/uploads\/2026\/01\/FSG_STR-Feel_Campaign-300x189.png 300w, https:\/\/nikolaambros.net\/wp-content\/uploads\/2026\/01\/FSG_STR-Feel_Campaign-768x485.png 768w, https:\/\/nikolaambros.net\/wp-content\/uploads\/2026\/01\/FSG_STR-Feel_Campaign-1536x969.png 1536w, https:\/\/nikolaambros.net\/wp-content\/uploads\/2026\/01\/FSG_STR-Feel_Campaign.png 1751w\" sizes=\"auto, (max-width: 1024px) 100vw, 1024px\" \/><figcaption class=\"wp-element-caption\">Gestaltung im Raum f\u00fcr Passagierzonen am Flughafen Stuttgart<\/figcaption><\/figure>\n<\/div>\n\n<div class=\"wp-block-image\">\n<figure class=\"aligncenter size-large\"><img loading=\"lazy\" decoding=\"async\" width=\"1024\" height=\"647\" src=\"http:\/\/nikolaambros.net\/wp-content\/uploads\/2026\/01\/Hodum-UX-1024x647.png\" alt=\"\" class=\"wp-image-120\" srcset=\"https:\/\/nikolaambros.net\/wp-content\/uploads\/2026\/01\/Hodum-UX-1024x647.png 1024w, https:\/\/nikolaambros.net\/wp-content\/uploads\/2026\/01\/Hodum-UX-300x189.png 300w, https:\/\/nikolaambros.net\/wp-content\/uploads\/2026\/01\/Hodum-UX-768x485.png 768w, https:\/\/nikolaambros.net\/wp-content\/uploads\/2026\/01\/Hodum-UX-1536x970.png 1536w, https:\/\/nikolaambros.net\/wp-content\/uploads\/2026\/01\/Hodum-UX.png 1750w\" sizes=\"auto, (max-width: 1024px) 100vw, 1024px\" \/><figcaption class=\"wp-element-caption\">Corporate design refresh and responsive website for seller of jars and cans<\/figcaption><\/figure>\n<\/div>\n\n\n<div style=\"height:50px\" aria-hidden=\"true\" class=\"wp-block-spacer\"><\/div>\n\n\n\n<details open class=\"wp-block-details is-layout-flow wp-block-details-is-layout-flow\"><summary>Freiberuflich: verschiedene Projekte (bis 2016)<\/summary>\n\n<div style=\"height:50px\" aria-hidden=\"true\" class=\"wp-block-spacer\"><\/div>\n\n\n<p><strong>Freiberufliche Senior Kommunikationsdesignerin <\/strong>spezialisiert auf Beratung, Strategie, Konzeption, Pr\u00e4sentation und umfassendes Projektmanagement f\u00fcr B2B-, B2C- und interne Kommunikation.<\/p>\n\n\n<p>Markenentwicklung: Komplette Designsysteme, UI\/UX, Key Visuals und Marketingmaterialien, Verpackungen und POS-Materialien f\u00fcr KMU und Premiummarken wie Audi, BMW, Lloyds Banking Group, Mattel und Disney in Deutschland, Gro\u00dfbritannien und Australien \u2013 als Freiberuflerin, die direkt Kunden ber\u00e4t oder mit Agenturen und Verlagen zusammenarbeitet.<\/p>\n\n\n<p><strong>Dozentin f\u00fcr visuelle Kommunikation<\/strong> am City of Bath College (UK), sowie Durchf\u00fchrung ma\u00dfgeschneiderter Inhouse-Schulungen<\/p>\n\n<\/details>\n\n\n\n<div style=\"height:50px\" aria-hidden=\"true\" class=\"wp-block-spacer\"><\/div>\n\n\n<div class=\"wp-block-image\">\n<figure class=\"aligncenter size-large\"><img loading=\"lazy\" decoding=\"async\" width=\"1024\" height=\"647\" src=\"http:\/\/nikolaambros.net\/wp-content\/uploads\/2026\/01\/Aboveandbeyond_Book-1024x647.png\" alt=\"\" class=\"wp-image-114\" srcset=\"https:\/\/nikolaambros.net\/wp-content\/uploads\/2026\/01\/Aboveandbeyond_Book-1024x647.png 1024w, https:\/\/nikolaambros.net\/wp-content\/uploads\/2026\/01\/Aboveandbeyond_Book-300x189.png 300w, https:\/\/nikolaambros.net\/wp-content\/uploads\/2026\/01\/Aboveandbeyond_Book-768x485.png 768w, https:\/\/nikolaambros.net\/wp-content\/uploads\/2026\/01\/Aboveandbeyond_Book-1536x970.png 1536w, https:\/\/nikolaambros.net\/wp-content\/uploads\/2026\/01\/Aboveandbeyond_Book.png 1750w\" sizes=\"auto, (max-width: 1024px) 100vw, 1024px\" \/><figcaption class=\"wp-element-caption\">Buchgestaltung f\u00fcr Wohlt\u00e4tigkeitsorganisation<\/figcaption><\/figure>\n<\/div>\n\n<div class=\"wp-block-image\">\n<figure class=\"aligncenter size-large\"><img loading=\"lazy\" decoding=\"async\" width=\"1024\" height=\"647\" src=\"http:\/\/nikolaambros.net\/wp-content\/uploads\/2026\/01\/Aboveandbeyond_Marketing-1024x647.png\" alt=\"\" class=\"wp-image-115\" srcset=\"https:\/\/nikolaambros.net\/wp-content\/uploads\/2026\/01\/Aboveandbeyond_Marketing-1024x647.png 1024w, https:\/\/nikolaambros.net\/wp-content\/uploads\/2026\/01\/Aboveandbeyond_Marketing-300x189.png 300w, https:\/\/nikolaambros.net\/wp-content\/uploads\/2026\/01\/Aboveandbeyond_Marketing-768x485.png 768w, https:\/\/nikolaambros.net\/wp-content\/uploads\/2026\/01\/Aboveandbeyond_Marketing-1536x970.png 1536w, https:\/\/nikolaambros.net\/wp-content\/uploads\/2026\/01\/Aboveandbeyond_Marketing.png 1750w\" sizes=\"auto, (max-width: 1024px) 100vw, 1024px\" \/><figcaption class=\"wp-element-caption\">Marketingmaterialien f\u00fcr obiges Buch<\/figcaption><\/figure>\n<\/div>\n\n<div class=\"wp-block-image\">\n<figure class=\"aligncenter size-large\"><img loading=\"lazy\" decoding=\"async\" width=\"1024\" height=\"647\" src=\"http:\/\/nikolaambros.net\/wp-content\/uploads\/2026\/01\/Cengage_PsychologyBook-1024x647.png\" alt=\"\" class=\"wp-image-116\" srcset=\"https:\/\/nikolaambros.net\/wp-content\/uploads\/2026\/01\/Cengage_PsychologyBook-1024x647.png 1024w, https:\/\/nikolaambros.net\/wp-content\/uploads\/2026\/01\/Cengage_PsychologyBook-300x189.png 300w, https:\/\/nikolaambros.net\/wp-content\/uploads\/2026\/01\/Cengage_PsychologyBook-768x485.png 768w, https:\/\/nikolaambros.net\/wp-content\/uploads\/2026\/01\/Cengage_PsychologyBook-1536x970.png 1536w, https:\/\/nikolaambros.net\/wp-content\/uploads\/2026\/01\/Cengage_PsychologyBook.png 1750w\" sizes=\"auto, (max-width: 1024px) 100vw, 1024px\" \/><figcaption class=\"wp-element-caption\">Buchgestaltung f\u00fcr Arbeitsheft weiterf\u00fchrende Schule<\/figcaption><\/figure>\n<\/div>\n\n<div class=\"wp-block-image\">\n<figure class=\"aligncenter size-large\"><img loading=\"lazy\" decoding=\"async\" width=\"1024\" height=\"647\" src=\"http:\/\/nikolaambros.net\/wp-content\/uploads\/2026\/01\/ToppKreativ_Stricken-1024x647.png\" alt=\"\" class=\"wp-image-118\" srcset=\"https:\/\/nikolaambros.net\/wp-content\/uploads\/2026\/01\/ToppKreativ_Stricken-1024x647.png 1024w, https:\/\/nikolaambros.net\/wp-content\/uploads\/2026\/01\/ToppKreativ_Stricken-300x189.png 300w, https:\/\/nikolaambros.net\/wp-content\/uploads\/2026\/01\/ToppKreativ_Stricken-768x485.png 768w, https:\/\/nikolaambros.net\/wp-content\/uploads\/2026\/01\/ToppKreativ_Stricken-1536x970.png 1536w, https:\/\/nikolaambros.net\/wp-content\/uploads\/2026\/01\/ToppKreativ_Stricken.png 1750w\" sizes=\"auto, (max-width: 1024px) 100vw, 1024px\" \/><figcaption class=\"wp-element-caption\">Buchgestaltung f\u00fcr Handarbeitsbuch<\/figcaption><\/figure>\n<\/div>\n\n\n<div style=\"height:51px\" aria-hidden=\"true\" class=\"wp-block-spacer\"><\/div>\n\n\n\n<div class=\"wp-block-group is-nowrap is-layout-flex wp-container-core-group-is-layout-ad2f72ca wp-block-group-is-layout-flex\">\n<p class=\"has-cyan-bluish-gray-color has-text-color has-link-color has-small-font-size wp-elements-de4ee57dacb115b559327634a4554d0d translation-block\">E-Mail <a href=\"mailto:info@nikolaambros.net\" target=\"_self\">info@nikolaambros.net <\/a><br>oder finde mich auf LinkedIn<\/p>\n\n\n\n<ul class=\"wp-block-social-links has-normal-icon-size is-style-logos-only is-nowrap is-layout-flex wp-container-core-social-links-is-layout-53bee8aa wp-block-social-links-is-layout-flex\"><li class=\"wp-social-link wp-social-link-linkedin  wp-block-social-link\"><a href=\"https:\/\/www.linkedin.com\/in\/nikolaambros\/\" class=\"wp-block-social-link-anchor\"><svg width=\"24\" height=\"24\" viewbox=\"0 0 24 24\" version=\"1.1\" xmlns=\"http:\/\/www.w3.org\/2000\/svg\" aria-hidden=\"true\" focusable=\"false\"><path d=\"M19.7,3H4.3C3.582,3,3,3.582,3,4.3v15.4C3,20.418,3.582,21,4.3,21h15.4c0.718,0,1.3-0.582,1.3-1.3V4.3 C21,3.582,20.418,3,19.7,3z M8.339,18.338H5.667v-8.59h2.672V18.338z M7.004,8.574c-0.857,0-1.549-0.694-1.549-1.548 c0-0.855,0.691-1.548,1.549-1.548c0.854,0,1.547,0.694,1.547,1.548C8.551,7.881,7.858,8.574,7.004,8.574z M18.339,18.338h-2.669 v-4.177c0-0.996-0.017-2.278-1.387-2.278c-1.389,0-1.601,1.086-1.601,2.206v4.249h-2.667v-8.59h2.559v1.174h0.037 c0.356-0.675,1.227-1.387,2.526-1.387c2.703,0,3.203,1.779,3.203,4.092V18.338z\"><\/path><\/svg><span class=\"wp-block-social-link-label screen-reader-text\">LinkedIn<\/span><\/a><\/li>\n\n<li class=\"wp-social-link wp-social-link-mail  wp-block-social-link\"><a href=\"mailto:info@nikolaambros.net\" class=\"wp-block-social-link-anchor\"><svg width=\"24\" height=\"24\" viewbox=\"0 0 24 24\" version=\"1.1\" xmlns=\"http:\/\/www.w3.org\/2000\/svg\" aria-hidden=\"true\" focusable=\"false\"><path d=\"M19,5H5c-1.1,0-2,.9-2,2v10c0,1.1.9,2,2,2h14c1.1,0,2-.9,2-2V7c0-1.1-.9-2-2-2zm.5,12c0,.3-.2.5-.5.5H5c-.3,0-.5-.2-.5-.5V9.8l7.5,5.6,7.5-5.6V17zm0-9.1L12,13.6,4.5,7.9V7c0-.3.2-.5.5-.5h14c.3,0,.5.2.5.5v.9z\"><\/path><\/svg><span class=\"wp-block-social-link-label screen-reader-text\">E-Mail<\/span><\/a><\/li><\/ul>\n<\/div>","protected":false},"excerpt":{"rendered":"<p class=\"translation-block\">E-Mail <a href=\"mailto:info@nikolaambros.net\" target=\"_self\">info@nikolaambros.net <\/a><br>oder finde mich auf LinkedIn<\/p>","protected":false},"author":1,"featured_media":0,"parent":0,"menu_order":0,"comment_status":"closed","ping_status":"closed","template":"template-full.php","meta":{"footnotes":""},"class_list":["post-2","page","type-page","status-publish","hentry"],"_links":{"self":[{"href":"https:\/\/nikolaambros.net\/de\/wp-json\/wp\/v2\/pages\/2","targetHints":{"allow":["GET"]}}],"collection":[{"href":"https:\/\/nikolaambros.net\/de\/wp-json\/wp\/v2\/pages"}],"about":[{"href":"https:\/\/nikolaambros.net\/de\/wp-json\/wp\/v2\/types\/page"}],"author":[{"embeddable":true,"href":"https:\/\/nikolaambros.net\/de\/wp-json\/wp\/v2\/users\/1"}],"replies":[{"embeddable":true,"href":"https:\/\/nikolaambros.net\/de\/wp-json\/wp\/v2\/comments?post=2"}],"version-history":[{"count":53,"href":"https:\/\/nikolaambros.net\/de\/wp-json\/wp\/v2\/pages\/2\/revisions"}],"predecessor-version":[{"id":343,"href":"https:\/\/nikolaambros.net\/de\/wp-json\/wp\/v2\/pages\/2\/revisions\/343"}],"wp:attachment":[{"href":"https:\/\/nikolaambros.net\/de\/wp-json\/wp\/v2\/media?parent=2"}],"curies":[{"name":"wp","href":"https:\/\/api.w.org\/{rel}","templated":true}]}}